{"id":11,"date":"2022-08-20T09:45:24","date_gmt":"2022-08-20T09:45:24","guid":{"rendered":"https:\/\/kirraa.net\/?page_id=11"},"modified":"2026-04-21T20:01:55","modified_gmt":"2026-04-21T17:01:55","slug":"team-esittely","status":"publish","type":"page","link":"https:\/\/kirraa.net\/index.php\/team-esittely\/","title":{"rendered":"Team esittely"},"content":{"rendered":"\n<p>Autourheilu on muutakin kuin auto kuljettajineen soratiet\u00e4 kiit\u00e4m\u00e4ss\u00e4. <\/p>\n\n\n\n<p>Taustalla on aina monia, asiasta innostuneita ja sille omistautuvia eri alojen osaajia. <\/p>\n\n\n\n<hr class=\"wp-block-separator has-text-color has-black-color has-alpha-channel-opacity has-black-background-color has-background is-style-wide\"\/>\n\n\n\n<p>TEAM 1:<br>1. Ohjaaja: Pekka Paarala -62<br>Keitti\u00f6mestari, opettaja<br>Turun Urheiluautoilijat<br><br>2. Ohjaaja: Vaihteleva<\/p>\n\n\n\n<hr class=\"wp-block-separator has-text-color has-black-color has-alpha-channel-opacity has-black-background-color has-background is-style-wide\"\/>\n\n\n\n<p>TEAM 2:<br>1. Ohjaaja: Lassi Paarala -94<br>Kartoittaja, Harjavallan kaupunki<br>Turun Urheiluautoilijat<br><br>2. Ohjaaja: Juha J\u00e4rvinen -88<br>Uudenkaupungin Autotehdas<br>Turun Urheiluautoilijat<\/p>\n\n\n\n<hr class=\"wp-block-separator has-text-color has-black-color has-alpha-channel-opacity has-black-background-color has-background is-style-wide\"\/>\n\n\n\n<p>Huolto: Pertti Salonen (Pertsa Historic Rally Service), Epo ja muita matkalle eksyneit\u00e4.<\/p>\n\n\n<div class=\"wp-block-image\">\n<figure class=\"aligncenter size-large\"><img fetchpriority=\"high\" decoding=\"async\" width=\"2560\" height=\"1920\" src=\"https:\/\/i0.wp.com\/kirraa.net\/wp-content\/uploads\/2022\/08\/Matkalla-Tasanopeuskilpailuun-scaled.jpg?fit=474%2C356&amp;ssl=1\" alt=\"Linja-auton kyydiss\u00e4\" class=\"wp-image-79\" srcset=\"https:\/\/i0.wp.com\/kirraa.net\/wp-content\/uploads\/2022\/08\/Matkalla-Tasanopeuskilpailuun-scaled.jpg?w=2560&amp;ssl=1 2560w, https:\/\/i0.wp.com\/kirraa.net\/wp-content\/uploads\/2022\/08\/Matkalla-Tasanopeuskilpailuun-scaled.jpg?resize=300%2C225&amp;ssl=1 300w, https:\/\/i0.wp.com\/kirraa.net\/wp-content\/uploads\/2022\/08\/Matkalla-Tasanopeuskilpailuun-scaled.jpg?resize=1024%2C768&amp;ssl=1 1024w, https:\/\/i0.wp.com\/kirraa.net\/wp-content\/uploads\/2022\/08\/Matkalla-Tasanopeuskilpailuun-scaled.jpg?resize=768%2C576&amp;ssl=1 768w, https:\/\/i0.wp.com\/kirraa.net\/wp-content\/uploads\/2022\/08\/Matkalla-Tasanopeuskilpailuun-scaled.jpg?resize=1536%2C1152&amp;ssl=1 1536w, https:\/\/i0.wp.com\/kirraa.net\/wp-content\/uploads\/2022\/08\/Matkalla-Tasanopeuskilpailuun-scaled.jpg?resize=2048%2C1536&amp;ssl=1 2048w, https:\/\/i0.wp.com\/kirraa.net\/wp-content\/uploads\/2022\/08\/Matkalla-Tasanopeuskilpailuun-scaled.jpg?w=948&amp;ssl=1 948w, https:\/\/i0.wp.com\/kirraa.net\/wp-content\/uploads\/2022\/08\/Matkalla-Tasanopeuskilpailuun-scaled.jpg?w=1422&amp;ssl=1 1422w\" sizes=\"(max-width: 474px) 100vw, 474px\" \/><figcaption class=\"wp-element-caption\">Matkalla Tasanopeuskilpailuun<\/figcaption><\/figure>\n<\/div>","protected":false},"excerpt":{"rendered":"<p>Autourheilu on muutakin kuin auto kuljettajineen soratiet\u00e4 kiit\u00e4m\u00e4ss\u00e4. Taustalla on aina monia, asiasta innostuneita ja sille omistautuvia eri alojen osaajia. TEAM 1:1. Ohjaaja: Pekka Paarala -62Keitti\u00f6mestari, opettajaTurun Urheiluautoilijat 2. Ohjaaja: Vaihteleva TEAM 2:1. Ohjaaja: Lassi Paarala -94Kartoittaja, Harjavallan kaupunkiTurun Urheiluautoilijat 2. Ohjaaja: Juha J\u00e4rvinen -88Uudenkaupungin AutotehdasTurun Urheiluautoilijat Huolto: Pertti Salonen (Pertsa Historic Rally Service), Epo &hellip; <a href=\"https:\/\/kirraa.net\/index.php\/team-esittely\/\" class=\"more-link\">Jatka lukemista <span class=\"screen-reader-text\">Team esittely<\/span> <span class=\"meta-nav\">&rarr;<\/span><\/a><\/p>\n","protected":false},"author":1,"featured_media":0,"parent":0,"menu_order":0,"comment_status":"closed","ping_status":"closed","template":"","meta":{"footnotes":""},"class_list":["post-11","page","type-page","status-publish","hentry"],"jetpack_sharing_enabled":true,"_links":{"self":[{"href":"https:\/\/kirraa.net\/index.php\/wp-json\/wp\/v2\/pages\/11","targetHints":{"allow":["GET"]}}],"collection":[{"href":"https:\/\/kirraa.net\/index.php\/wp-json\/wp\/v2\/pages"}],"about":[{"href":"https:\/\/kirraa.net\/index.php\/wp-json\/wp\/v2\/types\/page"}],"author":[{"embeddable":true,"href":"https:\/\/kirraa.net\/index.php\/wp-json\/wp\/v2\/users\/1"}],"replies":[{"embeddable":true,"href":"https:\/\/kirraa.net\/index.php\/wp-json\/wp\/v2\/comments?post=11"}],"version-history":[{"count":6,"href":"https:\/\/kirraa.net\/index.php\/wp-json\/wp\/v2\/pages\/11\/revisions"}],"predecessor-version":[{"id":238,"href":"https:\/\/kirraa.net\/index.php\/wp-json\/wp\/v2\/pages\/11\/revisions\/238"}],"wp:attachment":[{"href":"https:\/\/kirraa.net\/index.php\/wp-json\/wp\/v2\/media?parent=11"}],"curies":[{"name":"wp","href":"https:\/\/api.w.org\/{rel}","templated":true}]}}