{"id":13,"date":"2022-08-20T09:45:24","date_gmt":"2022-08-20T09:45:24","guid":{"rendered":"https:\/\/kirraa.net\/?page_id=13"},"modified":"2023-01-26T17:07:36","modified_gmt":"2023-01-26T15:07:36","slug":"tasanopeus","status":"publish","type":"page","link":"https:\/\/kirraa.net\/index.php\/tasanopeus\/","title":{"rendered":"Tasanopeus"},"content":{"rendered":"\t\t<div data-elementor-type=\"wp-page\" data-elementor-id=\"13\" class=\"elementor elementor-13\">\n\t\t\t\t\t\t<section class=\"elementor-section elementor-top-section elementor-element elementor-element-75b5278 elementor-section-boxed elementor-section-height-default elementor-section-height-default\" data-id=\"75b5278\" data-element_type=\"section\" data-e-type=\"section\">\n\t\t\t\t\t\t<div class=\"elementor-container elementor-column-gap-default\">\n\t\t\t\t\t<div class=\"elementor-column elementor-col-100 elementor-top-column elementor-element elementor-element-c93e111\" data-id=\"c93e111\" data-element_type=\"column\" data-e-type=\"column\">\n\t\t\t<div class=\"elementor-widget-wrap elementor-element-populated\">\n\t\t\t\t\t\t<div class=\"elementor-element elementor-element-7f5bfb8 elementor-widget elementor-widget-heading\" data-id=\"7f5bfb8\" data-element_type=\"widget\" data-e-type=\"widget\" data-widget_type=\"heading.default\">\n\t\t\t\t<div class=\"elementor-widget-container\">\n\t\t\t\t\t<h2 class=\"elementor-heading-title elementor-size-default\">Mit\u00e4 tasanopeus on?<\/h2>\t\t\t\t<\/div>\n\t\t\t\t<\/div>\n\t\t\t\t\t<\/div>\n\t\t<\/div>\n\t\t\t\t\t<\/div>\n\t\t<\/section>\n\t\t\t\t<section class=\"elementor-section elementor-top-section elementor-element elementor-element-7ed89ab elementor-section-boxed elementor-section-height-default elementor-section-height-default\" data-id=\"7ed89ab\" data-element_type=\"section\" data-e-type=\"section\">\n\t\t\t\t\t\t<div class=\"elementor-container elementor-column-gap-default\">\n\t\t\t\t\t<div class=\"elementor-column elementor-col-100 elementor-top-column elementor-element elementor-element-16b3026\" data-id=\"16b3026\" data-element_type=\"column\" data-e-type=\"column\">\n\t\t\t<div class=\"elementor-widget-wrap elementor-element-populated\">\n\t\t\t\t\t\t<div class=\"elementor-element elementor-element-d8cb8d6 elementor-widget elementor-widget-text-editor\" data-id=\"d8cb8d6\" data-element_type=\"widget\" data-e-type=\"widget\" data-widget_type=\"text-editor.default\">\n\t\t\t\t<div class=\"elementor-widget-container\">\n\t\t\t\t\t\t\t\t\t<p>Tasanopeus on laji, jossa kilpailijat kilpailevat itsens\u00e4 ja toisten kanssa mahdollisimman tarkasta ajamisesta joko suljetulla tiell\u00e4 (HRTS) tai normaalin liikenteen seassa ajettavalla tiell\u00e4 (AL-CUP).<\/p><p>Tasanopeudessa tavoitteena on pysy\u00e4 mahdollisimman hyvin p\u00e4tk\u00e4lle annetuissa nopeuksissa, jota seurataan GNSS (Satelliittipaikannus) kalustolla salaisista ajantarkastuspisteist\u00e4 erikoiskokeen varrella. T\u00e4ll\u00e4 hetkell\u00e4 lajissa on laajalti k\u00e4yt\u00f6ss\u00e4 Garmin Glo GNSS paikantimet.<\/p><p>Kilpailijat voivat vapaasti k\u00e4ytt\u00e4\u00e4 kaikkia mahdollisia laitteita p\u00e4\u00e4st\u00e4kseen parhaaseen lopputulokseen, mutta p\u00e4\u00e4asiallisesti kilpailussa seurataan matkaa sek\u00e4 aikaa, joista saadaan tavalla tai toisella selville, pit\u00e4\u00e4k\u00f6 ajaa lujempaa vai hidastaa vauhtia saadakseen pidetty\u00e4 itsens\u00e4 mahdollisimman l\u00e4hell\u00e4 tavoiteaikaa.<\/p>\t\t\t\t\t\t\t\t<\/div>\n\t\t\t\t<\/div>\n\t\t\t\t\t<\/div>\n\t\t<\/div>\n\t\t\t\t\t<\/div>\n\t\t<\/section>\n\t\t\t\t<section class=\"elementor-section elementor-top-section elementor-element elementor-element-831b887 elementor-section-boxed elementor-section-height-default elementor-section-height-default\" data-id=\"831b887\" data-element_type=\"section\" data-e-type=\"section\">\n\t\t\t\t\t\t<div class=\"elementor-container elementor-column-gap-default\">\n\t\t\t\t\t<div class=\"elementor-column elementor-col-100 elementor-top-column elementor-element elementor-element-1327cf0\" data-id=\"1327cf0\" data-element_type=\"column\" data-e-type=\"column\">\n\t\t\t<div class=\"elementor-widget-wrap elementor-element-populated\">\n\t\t\t\t\t\t<div class=\"elementor-element elementor-element-2836457 elementor-widget elementor-widget-heading\" data-id=\"2836457\" data-element_type=\"widget\" data-e-type=\"widget\" data-widget_type=\"heading.default\">\n\t\t\t\t<div class=\"elementor-widget-container\">\n\t\t\t\t\t<h2 class=\"elementor-heading-title elementor-size-default\">Mist\u00e4 voin oppia lis\u00e4\u00e4 tasanopeudesta?<\/h2>\t\t\t\t<\/div>\n\t\t\t\t<\/div>\n\t\t\t\t\t<\/div>\n\t\t<\/div>\n\t\t\t\t\t<\/div>\n\t\t<\/section>\n\t\t\t\t<section class=\"elementor-section elementor-top-section elementor-element elementor-element-ff1c8ce elementor-section-boxed elementor-section-height-default elementor-section-height-default\" data-id=\"ff1c8ce\" data-element_type=\"section\" data-e-type=\"section\">\n\t\t\t\t\t\t<div class=\"elementor-container elementor-column-gap-default\">\n\t\t\t\t\t<div class=\"elementor-column elementor-col-100 elementor-top-column elementor-element elementor-element-f2c44f5\" data-id=\"f2c44f5\" data-element_type=\"column\" data-e-type=\"column\">\n\t\t\t<div class=\"elementor-widget-wrap elementor-element-populated\">\n\t\t\t\t\t\t<div class=\"elementor-element elementor-element-3e99f46 elementor-widget elementor-widget-text-editor\" data-id=\"3e99f46\" data-element_type=\"widget\" data-e-type=\"widget\" data-widget_type=\"text-editor.default\">\n\t\t\t\t<div class=\"elementor-widget-container\">\n\t\t\t\t\t\t\t\t\t<p>T\u00e4ll\u00e4 hetkell\u00e4 tasanopeudesta voi oppia lis\u00e4\u00e4 muunmuassa:<br \/>Facebookin tasanopeusryhm\u00e4st\u00e4 (<a href=\"https:\/\/www.facebook.com\/groups\/1836435073269990\/\">https:\/\/www.facebook.com\/groups\/1836435073269990\/<\/a>)<br \/>Autoliiton sivuilta (<a href=\"https:\/\/www.autoliitto.fi\/toiminta\/al-sport-autourheilu\/tasanopeusajo\/\">https:\/\/www.autoliitto.fi\/toiminta\/al-sport-autourheilu\/tasanopeusajo\/<\/a>)<br \/>AKK:n sivuilta (<a href=\"https:\/\/www.autourheilu.fi\/lajit\/tasanopeusajo\/\">https:\/\/www.autourheilu.fi\/lajit\/tasanopeusajo\/<\/a>)<br \/>Tutustumalla luokan nykyisiin ja menneisiin s\u00e4\u00e4nt\u00f6ihin Historic Rally Club Finlandin sivuilta (<a href=\"https:\/\/www.historicrallyclubfinland.fi\/\">https:\/\/www.historicrallyclubfinland.fi\/<\/a>)<br \/>Tai ottamalla yhteytt\u00e4 t\u00e4ll\u00e4 hetkell\u00e4 tasanopeuteen osallistuviin henkil\u00f6ihin!<\/p>\t\t\t\t\t\t\t\t<\/div>\n\t\t\t\t<\/div>\n\t\t\t\t\t<\/div>\n\t\t<\/div>\n\t\t\t\t\t<\/div>\n\t\t<\/section>\n\t\t\t\t<section class=\"elementor-section elementor-top-section elementor-element elementor-element-b1bbe03 elementor-section-boxed elementor-section-height-default elementor-section-height-default\" data-id=\"b1bbe03\" data-element_type=\"section\" data-e-type=\"section\">\n\t\t\t\t\t\t<div class=\"elementor-container elementor-column-gap-default\">\n\t\t\t\t\t<div class=\"elementor-column elementor-col-100 elementor-top-column elementor-element elementor-element-dc8a3bf\" data-id=\"dc8a3bf\" data-element_type=\"column\" data-e-type=\"column\">\n\t\t\t<div class=\"elementor-widget-wrap elementor-element-populated\">\n\t\t\t\t\t\t<div class=\"elementor-element elementor-element-184bf8e elementor-widget elementor-widget-heading\" data-id=\"184bf8e\" data-element_type=\"widget\" data-e-type=\"widget\" data-widget_type=\"heading.default\">\n\t\t\t\t<div class=\"elementor-widget-container\">\n\t\t\t\t\t<h2 class=\"elementor-heading-title elementor-size-default\">Minulla on palava tarve saada katsoa Austin A 40 autoa joka ajaa tasanopeutta!<\/h2>\t\t\t\t<\/div>\n\t\t\t\t<\/div>\n\t\t\t\t\t<\/div>\n\t\t<\/div>\n\t\t\t\t\t<\/div>\n\t\t<\/section>\n\t\t\t\t<section class=\"elementor-section elementor-top-section elementor-element elementor-element-09ac82b elementor-section-boxed elementor-section-height-default elementor-section-height-default\" data-id=\"09ac82b\" data-element_type=\"section\" data-e-type=\"section\">\n\t\t\t\t\t\t<div class=\"elementor-container elementor-column-gap-default\">\n\t\t\t\t\t<div class=\"elementor-column elementor-col-100 elementor-top-column elementor-element elementor-element-96052a0\" data-id=\"96052a0\" data-element_type=\"column\" data-e-type=\"column\">\n\t\t\t<div class=\"elementor-widget-wrap elementor-element-populated\">\n\t\t\t\t\t\t<div class=\"elementor-element elementor-element-83be283 elementor-widget elementor-widget-text-editor\" data-id=\"83be283\" data-element_type=\"widget\" data-e-type=\"widget\" data-widget_type=\"text-editor.default\">\n\t\t\t\t<div class=\"elementor-widget-container\">\n\t\t\t\t\t\t\t\t\t<p>Ei h\u00e4t\u00e4\u00e4! Tulet n\u00e4kem\u00e4\u00e4n Austinin melkein kaikissa HRTS-kisoissa tai voit katsoa vanhojen tasanopeuskisojen incar kuvaa youtubesta (<a href=\"https:\/\/www.youtube.com\/@faa40c69\">https:\/\/www.youtube.com\/@faa40c69<\/a>).<\/p>\t\t\t\t\t\t\t\t<\/div>\n\t\t\t\t<\/div>\n\t\t\t\t\t<\/div>\n\t\t<\/div>\n\t\t\t\t\t<\/div>\n\t\t<\/section>\n\t\t\t\t<\/div>\n\t\t","protected":false},"excerpt":{"rendered":"<p>Mit\u00e4 tasanopeus on? Tasanopeus on laji, jossa kilpailijat kilpailevat itsens\u00e4 ja toisten kanssa mahdollisimman tarkasta ajamisesta joko suljetulla tiell\u00e4 (HRTS) tai normaalin liikenteen seassa ajettavalla tiell\u00e4 (AL-CUP). Tasanopeudessa tavoitteena on pysy\u00e4 mahdollisimman hyvin p\u00e4tk\u00e4lle annetuissa nopeuksissa, jota seurataan GNSS (Satelliittipaikannus) kalustolla salaisista ajantarkastuspisteist\u00e4 erikoiskokeen varrella. T\u00e4ll\u00e4 hetkell\u00e4 lajissa on laajalti k\u00e4yt\u00f6ss\u00e4 Garmin Glo GNSS paikantimet. &hellip; <a href=\"https:\/\/kirraa.net\/index.php\/tasanopeus\/\" class=\"more-link\">Jatka lukemista <span class=\"screen-reader-text\">Tasanopeus<\/span> <span class=\"meta-nav\">&rarr;<\/span><\/a><\/p>\n","protected":false},"author":1,"featured_media":0,"parent":0,"menu_order":0,"comment_status":"closed","ping_status":"closed","template":"","meta":{"footnotes":""},"class_list":["post-13","page","type-page","status-publish","hentry"],"jetpack_sharing_enabled":true,"_links":{"self":[{"href":"https:\/\/kirraa.net\/index.php\/wp-json\/wp\/v2\/pages\/13","targetHints":{"allow":["GET"]}}],"collection":[{"href":"https:\/\/kirraa.net\/index.php\/wp-json\/wp\/v2\/pages"}],"about":[{"href":"https:\/\/kirraa.net\/index.php\/wp-json\/wp\/v2\/types\/page"}],"author":[{"embeddable":true,"href":"https:\/\/kirraa.net\/index.php\/wp-json\/wp\/v2\/users\/1"}],"replies":[{"embeddable":true,"href":"https:\/\/kirraa.net\/index.php\/wp-json\/wp\/v2\/comments?post=13"}],"version-history":[{"count":7,"href":"https:\/\/kirraa.net\/index.php\/wp-json\/wp\/v2\/pages\/13\/revisions"}],"predecessor-version":[{"id":179,"href":"https:\/\/kirraa.net\/index.php\/wp-json\/wp\/v2\/pages\/13\/revisions\/179"}],"wp:attachment":[{"href":"https:\/\/kirraa.net\/index.php\/wp-json\/wp\/v2\/media?parent=13"}],"curies":[{"name":"wp","href":"https:\/\/api.w.org\/{rel}","templated":true}]}}