{"id":39,"date":"2022-08-20T09:49:23","date_gmt":"2022-08-20T09:49:23","guid":{"rendered":"https:\/\/kirraa.net\/?page_id=39"},"modified":"2023-01-26T17:47:14","modified_gmt":"2023-01-26T15:47:14","slug":"yhteystiedot","status":"publish","type":"page","link":"https:\/\/kirraa.net\/index.php\/yhteystiedot\/","title":{"rendered":"Yhteystiedot"},"content":{"rendered":"\t\t<div data-elementor-type=\"wp-page\" data-elementor-id=\"39\" class=\"elementor elementor-39\">\n\t\t\t\t\t\t<section class=\"elementor-section elementor-top-section elementor-element elementor-element-8059fc6 elementor-section-boxed elementor-section-height-default elementor-section-height-default\" data-id=\"8059fc6\" data-element_type=\"section\" data-e-type=\"section\">\n\t\t\t\t\t\t<div class=\"elementor-container elementor-column-gap-default\">\n\t\t\t\t\t<div class=\"elementor-column elementor-col-100 elementor-top-column elementor-element elementor-element-8b2ea22\" data-id=\"8b2ea22\" data-element_type=\"column\" data-e-type=\"column\">\n\t\t\t<div class=\"elementor-widget-wrap elementor-element-populated\">\n\t\t\t\t\t\t<div class=\"elementor-element elementor-element-bbb6896 elementor-widget elementor-widget-text-editor\" data-id=\"bbb6896\" data-element_type=\"widget\" data-e-type=\"widget\" data-widget_type=\"text-editor.default\">\n\t\t\t\t<div class=\"elementor-widget-container\">\n\t\t\t\t\t\t\t\t\t<p>Paaraloita voi joskus olla vaikea saada kiinni, mutta n\u00e4ist\u00e4 kannattaa l\u00e4hte\u00e4 yritt\u00e4m\u00e4\u00e4n!<\/p><p>Pekka Paarala<br \/>pekka.paarala(at)kolumbus.fi<\/p><p>Lassi Paarala<br \/>lassi.paarala(at)outlook.com<br \/><a href=\"https:\/\/www.facebook.com\/lassi.paarala\">https:\/\/www.facebook.com\/lassi.paarala<\/a><br \/><a href=\"https:\/\/www.youtube.com\/@faa40c69\">https:\/\/www.youtube.com\/@faa40c69<\/a><\/p><p><span style=\"font-family: Roboto, sans-serif; font-size: 16px; font-style: normal; font-weight: 400;\">My\u00f6s erin\u00e4isiss\u00e4 tapahtumissa voit t\u00f6rm\u00e4t\u00e4 villiin Paaralaan. Jos n\u00e4in k\u00e4y, voit l\u00e4hesty\u00e4 Paaralaa rauhallisin mielin, emme pure (Ainakaan usein).<\/span><\/p>\t\t\t\t\t\t\t\t<\/div>\n\t\t\t\t<\/div>\n\t\t\t\t<div class=\"elementor-element elementor-element-d25a72f elementor-widget-divider--view-line_icon elementor-view-default elementor-widget-divider--element-align-center elementor-widget elementor-widget-divider\" data-id=\"d25a72f\" data-element_type=\"widget\" data-e-type=\"widget\" data-widget_type=\"divider.default\">\n\t\t\t\t<div class=\"elementor-widget-container\">\n\t\t\t\t\t\t\t<div class=\"elementor-divider\">\n\t\t\t<span class=\"elementor-divider-separator\">\n\t\t\t\t\t\t\t<div class=\"elementor-icon elementor-divider__element\">\n\t\t\t\t\t<i aria-hidden=\"true\" class=\"fas fa-car-side\"><\/i><\/div>\n\t\t\t\t\t\t<\/span>\n\t\t<\/div>\n\t\t\t\t\t\t<\/div>\n\t\t\t\t<\/div>\n\t\t\t\t\t<\/div>\n\t\t<\/div>\n\t\t\t\t\t<\/div>\n\t\t<\/section>\n\t\t\t\t<section class=\"elementor-section elementor-top-section elementor-element elementor-element-3d514cf elementor-section-boxed elementor-section-height-default elementor-section-height-default\" data-id=\"3d514cf\" data-element_type=\"section\" data-e-type=\"section\">\n\t\t\t\t\t\t<div class=\"elementor-container elementor-column-gap-default\">\n\t\t\t\t\t<div class=\"elementor-column elementor-col-100 elementor-top-column elementor-element elementor-element-653b3d6\" data-id=\"653b3d6\" data-element_type=\"column\" data-e-type=\"column\">\n\t\t\t<div class=\"elementor-widget-wrap elementor-element-populated\">\n\t\t\t\t\t\t<div class=\"elementor-element elementor-element-1e358a8 elementor-widget elementor-widget-image\" data-id=\"1e358a8\" data-element_type=\"widget\" data-e-type=\"widget\" data-widget_type=\"image.default\">\n\t\t\t\t<div class=\"elementor-widget-container\">\n\t\t\t\t\t\t\t\t\t\t\t\t\t\t\t<img fetchpriority=\"high\" decoding=\"async\" width=\"474\" height=\"474\" src=\"https:\/\/i0.wp.com\/kirraa.net\/wp-content\/uploads\/2023\/01\/Transam5.jpg?fit=474%2C474&amp;ssl=1\" class=\"attachment-large size-large wp-image-184\" alt=\"Auto puunkolossa\" srcset=\"https:\/\/i0.wp.com\/kirraa.net\/wp-content\/uploads\/2023\/01\/Transam5.jpg?w=1080&amp;ssl=1 1080w, https:\/\/i0.wp.com\/kirraa.net\/wp-content\/uploads\/2023\/01\/Transam5.jpg?resize=300%2C300&amp;ssl=1 300w, https:\/\/i0.wp.com\/kirraa.net\/wp-content\/uploads\/2023\/01\/Transam5.jpg?resize=1024%2C1024&amp;ssl=1 1024w, https:\/\/i0.wp.com\/kirraa.net\/wp-content\/uploads\/2023\/01\/Transam5.jpg?resize=150%2C150&amp;ssl=1 150w, https:\/\/i0.wp.com\/kirraa.net\/wp-content\/uploads\/2023\/01\/Transam5.jpg?resize=768%2C768&amp;ssl=1 768w, https:\/\/i0.wp.com\/kirraa.net\/wp-content\/uploads\/2023\/01\/Transam5.jpg?w=948&amp;ssl=1 948w\" sizes=\"(max-width: 474px) 100vw, 474px\" \/>\t\t\t\t\t\t\t\t\t\t\t\t\t\t\t<\/div>\n\t\t\t\t<\/div>\n\t\t\t\t\t<\/div>\n\t\t<\/div>\n\t\t\t\t\t<\/div>\n\t\t<\/section>\n\t\t\t\t<\/div>\n\t\t","protected":false},"excerpt":{"rendered":"<p>Paaraloita voi joskus olla vaikea saada kiinni, mutta n\u00e4ist\u00e4 kannattaa l\u00e4hte\u00e4 yritt\u00e4m\u00e4\u00e4n! Pekka Paaralapekka.paarala(at)kolumbus.fi Lassi Paaralalassi.paarala(at)outlook.comhttps:\/\/www.facebook.com\/lassi.paaralahttps:\/\/www.youtube.com\/@faa40c69 My\u00f6s erin\u00e4isiss\u00e4 tapahtumissa voit t\u00f6rm\u00e4t\u00e4 villiin Paaralaan. Jos n\u00e4in k\u00e4y, voit l\u00e4hesty\u00e4 Paaralaa rauhallisin mielin, emme pure (Ainakaan usein).<\/p>\n","protected":false},"author":1,"featured_media":0,"parent":0,"menu_order":0,"comment_status":"closed","ping_status":"closed","template":"","meta":{"footnotes":""},"class_list":["post-39","page","type-page","status-publish","hentry"],"jetpack_sharing_enabled":true,"_links":{"self":[{"href":"https:\/\/kirraa.net\/index.php\/wp-json\/wp\/v2\/pages\/39","targetHints":{"allow":["GET"]}}],"collection":[{"href":"https:\/\/kirraa.net\/index.php\/wp-json\/wp\/v2\/pages"}],"about":[{"href":"https:\/\/kirraa.net\/index.php\/wp-json\/wp\/v2\/types\/page"}],"author":[{"embeddable":true,"href":"https:\/\/kirraa.net\/index.php\/wp-json\/wp\/v2\/users\/1"}],"replies":[{"embeddable":true,"href":"https:\/\/kirraa.net\/index.php\/wp-json\/wp\/v2\/comments?post=39"}],"version-history":[{"count":7,"href":"https:\/\/kirraa.net\/index.php\/wp-json\/wp\/v2\/pages\/39\/revisions"}],"predecessor-version":[{"id":188,"href":"https:\/\/kirraa.net\/index.php\/wp-json\/wp\/v2\/pages\/39\/revisions\/188"}],"wp:attachment":[{"href":"https:\/\/kirraa.net\/index.php\/wp-json\/wp\/v2\/media?parent=39"}],"curies":[{"name":"wp","href":"https:\/\/api.w.org\/{rel}","templated":true}]}}